{"id":43,"date":"2023-03-13T09:24:27","date_gmt":"2023-03-13T09:24:27","guid":{"rendered":"https:\/\/www.bestnewyorkpass.com\/?page_id=43"},"modified":"2025-02-07T08:08:08","modified_gmt":"2025-02-07T08:08:08","slug":"amprenta","status":"publish","type":"page","link":"https:\/\/www.bestnewyorkpass.com\/ro\/impressum\/","title":{"rendered":"Imprimare"},"content":{"rendered":"<p>Patrick K\u00fchne<br>Kolpingstr. 12<br>04416 Markkleeberg<\/p>\n\n\n\n<h2 class=\"wp-block-heading\">Contacta\u021bi-ne<\/h2>\n\n\n\n<p>E-mail: patrick@101places.de.de<\/p>\n\n\n\n<h2 class=\"wp-block-heading\">ID-ul taxei de v\u00e2nzare<\/h2>\n\n\n\n<p>Num\u0103rul de identificare a taxei pe v\u00e2nz\u0103ri \u00een conformitate cu \u00a7 27 a legii privind taxa pe v\u00e2nz\u0103ri:<br>DE251359457<\/p>\n\n\n\n<h2 class=\"wp-block-heading\">Solu\u021bionarea litigiilor \u00een materie de consum<\/h2>\n\n\n\n<p>Nu suntem dispu\u0219i sau obliga\u021bi s\u0103 particip\u0103m la procedurile de solu\u021bionare a litigiilor \u00een fa\u021ba unei comisii de arbitraj pentru consumatori.<\/p>","protected":false},"excerpt":{"rendered":"<p>Patrick K\u00fchneKolpingstr. 1204416 Markkleeberg Contact Email: patrick@101places.de.de VAT ID Num\u0103rul de identificare TVA conform \u00a7 27 a Umsatzsteuergesetz:DE251359457 Solu\u021bionarea litigiilor cu consumatorii Nu suntem dispu\u0219i sau obliga\u021bi s\u0103 particip\u0103m la proceduri de solu\u021bionare a litigiilor \u00een fa\u021ba unei comisii de arbitraj pentru consumatori.<\/p>","protected":false},"author":1,"featured_media":0,"parent":0,"menu_order":0,"comment_status":"closed","ping_status":"closed","template":"","meta":{"footnotes":""},"class_list":["post-43","page","type-page","status-publish"],"featured_image_src":null,"aioseo_notices":[],"_links":{"self":[{"href":"https:\/\/www.bestnewyorkpass.com\/ro\/wp-json\/wp\/v2\/pages\/43","targetHints":{"allow":["GET"]}}],"collection":[{"href":"https:\/\/www.bestnewyorkpass.com\/ro\/wp-json\/wp\/v2\/pages"}],"about":[{"href":"https:\/\/www.bestnewyorkpass.com\/ro\/wp-json\/wp\/v2\/types\/page"}],"author":[{"embeddable":true,"href":"https:\/\/www.bestnewyorkpass.com\/ro\/wp-json\/wp\/v2\/users\/1"}],"replies":[{"embeddable":true,"href":"https:\/\/www.bestnewyorkpass.com\/ro\/wp-json\/wp\/v2\/comments?post=43"}],"version-history":[{"count":3,"href":"https:\/\/www.bestnewyorkpass.com\/ro\/wp-json\/wp\/v2\/pages\/43\/revisions"}],"predecessor-version":[{"id":1053,"href":"https:\/\/www.bestnewyorkpass.com\/ro\/wp-json\/wp\/v2\/pages\/43\/revisions\/1053"}],"wp:attachment":[{"href":"https:\/\/www.bestnewyorkpass.com\/ro\/wp-json\/wp\/v2\/media?parent=43"}],"curies":[{"name":"wp","href":"https:\/\/api.w.org\/{rel}","templated":true}]}}