{"id":43,"date":"2023-03-13T09:24:27","date_gmt":"2023-03-13T09:24:27","guid":{"rendered":"https:\/\/www.bestnewyorkpass.com\/?page_id=43"},"modified":"2025-02-07T08:08:08","modified_gmt":"2025-02-07T08:08:08","slug":"impressao","status":"publish","type":"page","link":"https:\/\/www.bestnewyorkpass.com\/pt\/impressum\/","title":{"rendered":"Avisos Legais"},"content":{"rendered":"<p>Patrick K\u00fchne<br>Kolpingstr. 12<br>04416 Markkleeberg<\/p>\n\n\n\n<h2 class=\"wp-block-heading\">Entre em contato conosco<\/h2>\n\n\n\n<p>E-mail: patrick@101places.de.de<\/p>\n\n\n\n<h2 class=\"wp-block-heading\">ID do imposto sobre vendas<\/h2>\n\n\n\n<p>N\u00famero de identifica\u00e7\u00e3o do imposto sobre vendas de acordo com o \u00a7 27 da lei do imposto sobre vendas:<br>DE251359457<\/p>\n\n\n\n<h2 class=\"wp-block-heading\">Resolu\u00e7\u00e3o de conflitos com consumidores<\/h2>\n\n\n\n<p>N\u00e3o estamos dispostos ou obrigados a participar de procedimentos de resolu\u00e7\u00e3o de disputas perante um conselho de arbitragem de consumidores.<\/p>","protected":false},"excerpt":{"rendered":"<p>Patrick K\u00fchneKolpingstr. 1204416 Markkleeberg E-mail de contato: patrick@101places.de.de ID do IVA N\u00famero de identifica\u00e7\u00e3o do IVA de acordo com o \u00a7 27 a Umsatzsteuergesetz:DE251359457 Resolu\u00e7\u00e3o de disputas de consumidores N\u00e3o estamos dispostos ou obrigados a participar de procedimentos de resolu\u00e7\u00e3o de disputas perante um conselho de arbitragem de consumidores.<\/p>","protected":false},"author":1,"featured_media":0,"parent":0,"menu_order":0,"comment_status":"closed","ping_status":"closed","template":"","meta":{"footnotes":""},"class_list":["post-43","page","type-page","status-publish"],"featured_image_src":null,"aioseo_notices":[],"_links":{"self":[{"href":"https:\/\/www.bestnewyorkpass.com\/pt\/wp-json\/wp\/v2\/pages\/43","targetHints":{"allow":["GET"]}}],"collection":[{"href":"https:\/\/www.bestnewyorkpass.com\/pt\/wp-json\/wp\/v2\/pages"}],"about":[{"href":"https:\/\/www.bestnewyorkpass.com\/pt\/wp-json\/wp\/v2\/types\/page"}],"author":[{"embeddable":true,"href":"https:\/\/www.bestnewyorkpass.com\/pt\/wp-json\/wp\/v2\/users\/1"}],"replies":[{"embeddable":true,"href":"https:\/\/www.bestnewyorkpass.com\/pt\/wp-json\/wp\/v2\/comments?post=43"}],"version-history":[{"count":3,"href":"https:\/\/www.bestnewyorkpass.com\/pt\/wp-json\/wp\/v2\/pages\/43\/revisions"}],"predecessor-version":[{"id":1053,"href":"https:\/\/www.bestnewyorkpass.com\/pt\/wp-json\/wp\/v2\/pages\/43\/revisions\/1053"}],"wp:attachment":[{"href":"https:\/\/www.bestnewyorkpass.com\/pt\/wp-json\/wp\/v2\/media?parent=43"}],"curies":[{"name":"wp","href":"https:\/\/api.w.org\/{rel}","templated":true}]}}