{"id":1090,"date":"2025-03-31T11:55:24","date_gmt":"2025-03-31T11:55:24","guid":{"rendered":"https:\/\/www.bestnewyorkpass.com\/cookie-richtlinie\/"},"modified":"2025-03-31T11:55:24","modified_gmt":"2025-03-31T11:55:24","slug":"%ec%bf%a0%ed%82%a4-%ec%a0%95%ec%b1%85","status":"publish","type":"page","link":"https:\/\/www.bestnewyorkpass.com\/ko\/cookie-richtlinie\/","title":{"rendered":"\ucfe0\ud0a4 \uc815\ucc45"},"content":{"rendered":"<p>\uc774 \ucfe0\ud0a4 \uc815\ucc45\uc744 \ud1b5\ud574 \ucfe0\ud0a4 \ubc0f \ucfe0\ud0a4 \uc720\uc0ac \uae30\uc220\uc774 \ubb34\uc5c7\uc778\uc9c0, \ub2f9\uc0ac\uc640 \ub2e4\ub978 \uc11c\ube44\uc2a4 \uc81c\uacf5\uc5c5\uccb4\uac00 \uc774 \uc6f9\uc0ac\uc774\ud2b8\uc5d0\uc11c \ucfe0\ud0a4\ub97c \uc0ac\uc6a9\ud558\ub294 \ubc29\ubc95, \uc218\uc9d1\ud558\ub294 \uc815\ubcf4, \uc218\uc9d1 \uae30\uac04 \ubc0f \uc0ac\uc6a9 \ubaa9\uc801\uc5d0 \ub300\ud574 \uc124\uba85\ud558\uace0\uc790 \ud569\ub2c8\ub2e4.<\/p><h2>\ubaa9\ucc28<\/h2><ul><li><a href=\"#controller-of-the-website\">\uc6f9\uc0ac\uc774\ud2b8 \ucc45\uc784\uc790<\/a><\/li><li><a href=\"#diff-to-privacy-policy\">\ub370\uc774\ud130 \ubcf4\ud638 \uc815\ucc45 \ubcf4\uc644<\/a><\/li><li><a href=\"#cookie-technology\">\ucfe0\ud0a4 \ubc0f \uc720\uc0ac \uae30\uc220\uc774\ub780 \ubb34\uc5c7\uc778\uac00\uc694?<\/a><\/li><li><a href=\"#legal-basis\">\ucfe0\ud0a4 \uc124\uc815\/\uc77d\uae30\uc758 \ubc95\uc801 \uadfc\uac70\ub294 \ubb34\uc5c7\uc778\uac00\uc694?<\/a><\/li><li><a href=\"#rights-of-visitor\">\uc6f9\uc0ac\uc774\ud2b8 \ubc29\ubb38\uc790\uc5d0\uac8c\ub294 \uc5b4\ub5a4 \uad8c\ub9ac\uac00 \uc788\ub098\uc694?<\/a><\/li><li><a href=\"#manage-cookies\">\ube0c\ub77c\uc6b0\uc800\uc5d0\uc11c \ucfe0\ud0a4\ub97c \uad00\ub9ac\ud558\ub824\uba74 \uc5b4\ub5bb\uac8c \ud558\ub098\uc694?<\/a><\/li><li><a href=\"#types-of-cookies\">\ucfe0\ud0a4\uc5d0\ub294 \uc5b4\ub5a4 \uc885\ub958\uac00 \uc788\ub098\uc694?<\/a><\/li><li><a href=\"#cookies-origin\">\ub204\uac00 \uc774 \uc6f9\uc0ac\uc774\ud2b8\uc5d0\uc11c \ucfe0\ud0a4\ub97c \uc124\uc815\ud560 \uc218 \uc788\ub098\uc694?<\/a><\/li><li><a href=\"#list-of-services\">\uc774 \uc6f9\uc0ac\uc774\ud2b8\uc5d0\uc11c\ub294 \uc5b4\ub5a4 \ucfe0\ud0a4\uac00 \uc0ac\uc6a9\ub418\ub098\uc694?<\/a><\/li><\/ul><h2 id=\"controller-of-the-website\">\uc6f9\uc0ac\uc774\ud2b8 \ucc45\uc784\uc790<\/h2><ul><li><strong>Provider: <\/strong>BestNewYorkPass.com, Germany<\/li><li><strong>Email: <\/strong><a target=\"_blank\" href=\"mailto:patrick.kuehne@posteo.de\">patrick.kuehne@posteo.de<\/a><\/li><\/ul><h2 id=\"diff-to-privacy-policy\">\ub370\uc774\ud130 \ubcf4\ud638 \uc815\ucc45 \ubcf4\uc644<\/h2><p>\ubcf8 \ucfe0\ud0a4 \uc815\ucc45\uc740 \ubcf8 \uc6f9\uc0ac\uc774\ud2b8\uc758 {{\uac1c\uc778\uc815\ubcf4\ucc98\ub9ac\ubc29\uce68}}\uac1c\uc778\uc815\ubcf4\ucc98\ub9ac\ubc29\uce68{{\/privacyPolicy}}\uc744 \ubcf4\uc644\ud558\ub294 \ub0b4\uc6a9\uc785\ub2c8\ub2e4. \ucfe0\ud0a4 \uc815\ucc45\uc740 \uc6f9\uc0ac\uc774\ud2b8\uac00 \ucfe0\ud0a4\ub97c \uc0ac\uc6a9\ud558\ub294 \ubc29\ubc95\uacfc \ucfe0\ud0a4\ub97c \ud1b5\ud574 \uc218\uc9d1\ud558\ub294 \ub370\uc774\ud130\ub97c \uc124\uba85\ud558\uba70, \uac1c\uc778\uc815\ubcf4 \ucc98\ub9ac\ubc29\uce68\uc740 \uc6f9\uc0ac\uc774\ud2b8 \ubc0f \uadf8 \ubc16\uc758 \ubaa8\ub4e0 \ub370\uc774\ud130 \ucc98\ub9ac \ud65c\ub3d9\uc5d0 \ub300\ud55c \ubcf4\ub2e4 \ud3ec\uad04\uc801\uc778 \uac1c\uc694\ub97c \uc81c\uacf5\ud569\ub2c8\ub2e4.<\/p><h2 id=\"cookie-technology\">\ucfe0\ud0a4 \ubc0f \uc720\uc0ac \uae30\uc220\uc774\ub780 \ubb34\uc5c7\uc778\uac00\uc694?<\/h2><p>\ucfe0\ud0a4\ub294 \ud14d\uc2a4\ud2b8 \ud30c\uc77c\uacfc \uc720\uc0ac\ud55c \uc791\uc740 \uc815\ubcf4 \ub2e8\uc704\ub85c, \ucd5c\uc885 \uc7a5\uce58\uc5d0\uc11c \uc800\uc7a5 \ubc0f \uc77d\uc744 \uc218 \uc788\uc2b5\ub2c8\ub2e4. \ucfe0\ud0a4\ub294 \uc6f9\uc0ac\uc774\ud2b8\uc758 \uae30\ubcf8 \uae30\ub2a5 \uc720\uc9c0, \ubcf4\uc548 \ubc0f \ub370\uc774\ud130 \ubcf4\ud638, \uc120\ud0dd\uc801 \uc6f9\uc0ac\uc774\ud2b8 \uae30\ub2a5 \uc81c\uacf5, \ubc29\ubb38\uc790 \ud750\ub984\uc5d0 \ub300\ud55c \ud1b5\uacc4 \ub370\uc774\ud130 \uc218\uc9d1, \ub9c8\ucf00\ud305 \uc2dc\uc2a4\ud15c \uc81c\uacf5 \ub4f1 \ub2e4\uc591\ud55c \ubaa9\uc801\uc73c\ub85c \uc0ac\uc6a9\ub429\ub2c8\ub2e4. \ucfe0\ud0a4\uc5d0 \uc800\uc7a5\ub420 \uc218 \uc788\ub294 \uc2e4\uc81c\uc801\uc778 \uc608\ub85c\ub294 \uc0ac\uc6a9\uc790 \uacc4\uc815\uc758 \ub85c\uadf8\uc778 \uc0c1\ud0dc \uc800\uc7a5, \uc804\uc790\uc0c1\uac70\ub798 \ud50c\ub7ab\ud3fc\uc758 \uc7a5\ubc14\uad6c\ub2c8 \ub0b4\uc6a9 \ub610\ub294 \uc6f9\uc0ac\uc774\ud2b8\uc5d0\uc11c\uc758 \ud589\ub3d9 \ucd94\uc801\uc744 \uc704\ud55c \uc0ac\uc6a9\uc790 ID \ub4f1\uc774 \uc788\uc2b5\ub2c8\ub2e4.<br \/><br \/>\uc815\ubcf4\ub294 \uae30\uc220\uc801\uc73c\ub85c \ub2e4\uc591\ud55c \ubc29\uc2dd\uc73c\ub85c \uc800\uc7a5\ub420 \uc218 \uc788\uc2b5\ub2c8\ub2e4. \uac00\uc7a5 \uc798 \uc54c\ub824\uc9c4 \uc608\ub85c\ub294 HTTP \ucfe0\ud0a4\uc640 \ub85c\uceec \uc800\uc7a5\uc18c, \uc138\uc158 \uc800\uc7a5\uc18c \ub610\ub294 \uc778\ub371\uc2f1\ub41cDB\uc640 \uac19\uc740 \ucfe0\ud0a4 \uc720\uc0ac \uae30\uc220\uc774 \uc788\uc2b5\ub2c8\ub2e4. \uac01 \uc720\ud615\uc758 \uc800\uc7a5\uc18c\uc5d0\ub294 \uae30\uc220\uc801 \ucc98\ub9ac, \uc811\uadfc\uc131 \ubc0f \uc815\ubcf4\uc5d0 \uc561\uc138\uc2a4\ud560 \uc218 \uc788\ub294 \uad8c\ud55c\uc774 \uc788\ub294 \uc0ac\ub78c\uc744 \uacb0\uc815\ud558\ub294 \ub2e4\uc591\ud55c \ud2b9\uc131\uc774 \uc788\uc2b5\ub2c8\ub2e4. \uc774\ub7ec\ud55c \ubaa8\ub4e0 \uc720\ud615\uc758 \uc800\uc7a5\uc18c\ub294 \uc77c\ubc18\uc801\uc73c\ub85c \u201e\ucfe0\ud0a4\u201c\ub77c\ub294 \uc6a9\uc5b4\ub85c \uc694\uc57d\ub418\uba70, \ub530\ub77c\uc11c \ubcf8 \ucfe0\ud0a4 \uc815\ucc45\uc5d0\uc11c\ub3c4 \ucfe0\ud0a4\ub85c \uc9c0\uce6d\ud569\ub2c8\ub2e4.<\/p><h2 id=\"legal-basis\">\ucfe0\ud0a4 \uc124\uc815\/\uc77d\uae30\uc758 \ubc95\uc801 \uadfc\uac70\ub294 \ubb34\uc5c7\uc778\uac00\uc694?<\/h2><p>\ucfe0\ud0a4\uc758 \uc124\uc815 \ubc0f \uc77d\uae30\ub294 \uc0ac\uc6a9\uc790\uac00 \ucc98\ub9ac \ubaa9\uc801\uc5d0 \ub300\ud55c \ud3ec\uad04\uc801\uc778 \uc815\ubcf4\ub97c \ubc14\ud0d5\uc73c\ub85c \ub3d9\uc758\ub97c \ud55c \uacbd\uc6b0\uc5d0\ub9cc \uc720\ub7fd\uc5f0\ud569(EU) \ubc0f \uc720\ub7fd\uacbd\uc81c\uc9c0\uc5ed(EEA)\uc5d0\uc11c Art. 5 (3) ePrivacy Directive and Recital 66 ePrivacy Directive\uc5d0 \ub530\ub77c \ud5c8\uc6a9\ub429\ub2c8\ub2e4. \ub610\ud55c \uc6f9\uc0ac\uc774\ud2b8 \uc6b4\uc601\uc790\ub294 \uc0ac\uc6a9\uc790\uac00 \uba85\uc2dc\uc801\uc73c\ub85c \uc694\uccad\ud55c \uc11c\ube44\uc2a4\ub97c \uc81c\uacf5\ud558\uae30 \uc704\ud574 \ubc18\ub4dc\uc2dc \ud544\uc694\ud55c \uacbd\uc6b0(\uc608: \ubcf8 \uc6f9\uc0ac\uc774\ud2b8\uc758 \uae30\ubcf8 \ucf58\ud150\uce20 \ub610\ub294 \uc0ac\uc6a9\uc790\uc5d0\uac8c \ud45c\uc2dc\ub418\ub294 \uc6f9\uc0ac\uc774\ud2b8\uc758 \uae30\ubcf8 \uae30\ub2a5\uc5d0 \uaf2d \ud544\uc694\ud55c \uae30\ud0c0 \ucfe0\ud0a4 \ub4f1) \uc0ac\uc6a9\uc790\uc758 \ub3d9\uc758 \uc5c6\uc774 \ucfe0\ud0a4\ub97c \uc124\uc815\ud560 \uc218 \uc788\uc2b5\ub2c8\ub2e4.<\/p><h2 id=\"rights-of-visitor\">\uc6f9\uc0ac\uc774\ud2b8 \ubc29\ubb38\uc790\uc5d0\uac8c\ub294 \uc5b4\ub5a4 \uad8c\ub9ac\uac00 \uc788\ub098\uc694?<\/h2><p>\uc11c\ube44\uc2a4 \ubc0f \ud574\ub2f9 \ucfe0\ud0a4\ub294 \uadc0\ud558\uc758 \ub3d9\uc758 \ub610\ub294 \uc815\ub2f9\ud55c \uc774\ud574\uad00\uacc4\uc5d0 \ub530\ub77c \ubc95\uc801 \uadfc\uac70\uc5d0 \ub530\ub77c \uc124\uc815 \ubc0f \uc5f4\ub78c\ud560 \uc218 \uc788\uc2b5\ub2c8\ub2e4. \uc774 \uc6f9\uc0ac\uc774\ud2b8\ub97c \ucc98\uc74c \ubc29\ubb38\ud558\uba74 \ub3d9\uc758\ub97c \uc694\uccad\ud558\uace0 \ud2b9\uc815 \uc11c\ube44\uc2a4 \uc0ac\uc6a9\uc744 \uac70\ubd80\ud560 \uc218 \uc788\ub294 \uae30\ud68c\uac00 \uc8fc\uc5b4\uc9d1\ub2c8\ub2e4. \ub2f9\uc0ac\ub294 \ub3d9\uc758 \ub300\ud654 \uc0c1\uc790\uc5d0\uc11c \uc5b4\ub5a4 \uc11c\ube44\uc2a4\uc5d0 \uc5b4\ub5a4 \ubc95\uc801 \uadfc\uac70\uac00 \uc0ac\uc6a9\ub418\ub294\uc9c0 \uc124\uba85\ud588\uc2b5\ub2c8\ub2e4.<br \/><br \/>\ud68c\uc6d0\ub2d8\uc740 \uc5b8\uc81c\ub4e0\uc9c0 \uc790\uc2e0\uc758 \uacb0\uc815 \ub0b4\uc5ed\uc744 \ud655\uc778\ud558\uace0, \ub370\uc774\ud130 \ubcf4\ud638 \uc124\uc815\uc744 \ubcc0\uacbd\ud558\uace0, \uc11c\ube44\uc2a4 \uc774\uc6a9\uc744 \uac70\ubd80\ud558\uace0, \ub3d9\uc758\ub97c \ucca0\ud68c\ud560 \uad8c\ub9ac\uac00 \uc788\uc2b5\ub2c8\ub2e4. \uc544\ub798\uc5d0\uc11c \uad8c\ub9ac\ub97c \ud589\uc0ac\ud558\ub294 \ubc29\ubc95\uc744 \ud655\uc778\ud560 \uc218 \uc788\uc2b5\ub2c8\ub2e4:<br \/><ul><li>[rcb-\ub3d9\uc758 \uc720\ud615=\"\ubcc0\uacbd\" \ud0dc\uadf8=\"a\" \ud14d\uc2a4\ud2b8=\"\uac1c\uc778\uc815\ubcf4 \uc124\uc815 \ubcc0\uacbd\"]<\/li><li>[rcb-\ub3d9\uc758 \uc720\ud615=\"\ub0b4\uc5ed\" tag=\"a\" text=\"\uac1c\uc778\uc815\ubcf4 \uc124\uc815 \ub0b4\uc5ed\"]<\/li><li><a  href=\"#consent-revoke\" role=\"button\" id=\"rcb-sc-link-revoke\" data-success-message=\"\ucfe0\ud0a4 \ubc0f \uac1c\uc778 \ub370\uc774\ud130 \ucc98\ub9ac\uc5d0 \ub300\ud55c \uc11c\ube44\uc2a4 \ub3d9\uc758\ub97c \uc131\uacf5\uc801\uc73c\ub85c \ucca0\ud68c\ud588\uc2b5\ub2c8\ub2e4. \uc774\uc81c \ud398\uc774\uc9c0\uac00 \uc0c8\ub85c\uace0\uce68\ub429\ub2c8\ub2e4!\" class=\"rcb-sc-link rcb-sc-link-revoke \">\ub3d9\uc758 \ucca0\ud68c<\/a><\/li><\/ul><\/p><h2 id=\"manage-cookies\">\ube0c\ub77c\uc6b0\uc800\uc5d0\uc11c \ucfe0\ud0a4\ub97c \uad00\ub9ac\ud558\ub824\uba74 \uc5b4\ub5bb\uac8c \ud558\ub098\uc694?<\/h2><p><ul><li><strong>\ube0c\ub77c\uc6b0\uc800\uc5d0\uc11c \ucfe0\ud0a4\ub97c \uc0ad\uc81c\ud558\ub294 \ubc29\ubc95:<\/strong> \uae30\uae30\uc5d0\uc11c \ucfe0\ud0a4\ub97c \uc0ad\uc81c\ud558\ub824\uba74 \ube0c\ub77c\uc6b0\uc800 \uc124\uc815\uc5d0\uc11c \ube0c\ub77c\uc6b0\uc800 \ub370\uc774\ud130\ub97c \uc0ad\uc81c\ud558\uba74 \ub429\ub2c8\ub2e4. \uc774\ub807\uac8c \ud558\uba74 \uc800\uc7a5\ub41c \ub85c\uadf8\uc778 \ub370\uc774\ud130 \ubc0f \uc6f9\uc0ac\uc774\ud2b8 \uc124\uc815\uc744 \ud3ec\ud568\ud558\uc5ec \ubc29\ubb38\ud55c \ubaa8\ub4e0 \uc6f9\uc0ac\uc774\ud2b8\uc758 \ubaa8\ub4e0 \ucfe0\ud0a4\uac00 \uc0ad\uc81c\ub429\ub2c8\ub2e4. \uc77c\ubd80 \ube0c\ub77c\uc6b0\uc800\uc5d0\uc11c\ub294 \uc804\uccb4 \uac80\uc0c9 \uae30\ub85d\uc744 \uc0ad\uc81c\ud558\uc9c0 \uc54a\uace0 \ucfe0\ud0a4\uc640 \uc720\uc0ac\ud55c \ub370\uc774\ud130\ub9cc \uc0ad\uc81c\ud560 \uc218 \uc788\uc2b5\ub2c8\ub2e4.<\/li><li><strong>\ube0c\ub77c\uc6b0\uc800\uc5d0\uc11c \ucfe0\ud0a4\ub97c \uc81c\uc5b4\ud558\ub294 \ubc29\ubc95:<\/strong> \ud2b9\uc815 \uc6f9\uc0ac\uc774\ud2b8\uc758 \ucfe0\ud0a4\ub97c \ubcf4\ub2e4 \uc815\ubc00\ud558\uac8c \uc81c\uc5b4\ud558\ub824\uba74 \ube0c\ub77c\uc6b0\uc800\uc758 \uac1c\uc778\uc815\ubcf4 \ubc0f \ucfe0\ud0a4 \uc124\uc815\uc73c\ub85c \uc774\ub3d9\ud558\uc138\uc694. \uc5ec\uae30\uc5d0\uc11c \uac1c\ubcc4 \uc6f9\uc0ac\uc774\ud2b8\uc758 \ucfe0\ud0a4 \uc0ac\uc6a9\uc5d0 \ub300\ud55c \uc124\uc815\uc744 \uc870\uc815\ud560 \uc218 \uc788\uc2b5\ub2c8\ub2e4.<\/li><li><strong>\ube0c\ub77c\uc6b0\uc800\uc5d0\uc11c \ucfe0\ud0a4\ub97c \ucc28\ub2e8\ud558\ub294 \ubc29\ubc95:<\/strong> \ub300\ubd80\ubd84\uc758 \ucd5c\uc2e0 \ube0c\ub77c\uc6b0\uc800\uc5d0\uc11c\ub294 \uc124\uc815\uc5d0\uc11c \ub514\ubc14\uc774\uc2a4\uc5d0 \ucfe0\ud0a4\uac00 \uc800\uc7a5\ub418\uc9c0 \uc54a\ub3c4\ub85d \uc9c0\uc815\ud560 \uc218 \uc788\uc2b5\ub2c8\ub2e4. \uadf8\ub7ec\ub098 \ucfe0\ud0a4\ub97c \ucc28\ub2e8\ud558\uba74 \uc0ac\uc6a9\uc790 \ub85c\uadf8\uc778 \ub4f1 \ud2b9\uc815 \uc11c\ube44\uc2a4 \ubc0f \uae30\ub2a5\uc774 \uc81c\ub300\ub85c \uc791\ub3d9\ud558\uc9c0 \uc54a\uc744 \uc218 \uc788\uc2b5\ub2c8\ub2e4. \ub610\ud55c \uc6f9\uc0ac\uc774\ud2b8\uc758 \ucfe0\ud0a4 \uc124\uc815\uc744 \ucc28\ub2e8\ud560 \uc218 \uc788\ub294 \uc5ec\ub7ec \ube0c\ub77c\uc6b0\uc800\uc6a9 \ud655\uc7a5 \ud504\ub85c\uadf8\ub7a8\ub3c4 \uc788\uc2b5\ub2c8\ub2e4.<\/li><li><strong>\uc774 \uc6f9\uc0ac\uc774\ud2b8\uc5d0\uc11c \ucfe0\ud0a4\ub97c \uad00\ub9ac\ud558\ub294 \ubc29\ubc95:<\/strong> \uc774 \uc6f9\uc0ac\uc774\ud2b8\uc5d0\uc11c \ucfe0\ud0a4\uc640 \uad00\ub828\ub41c \uae30\ubcf8 \uc124\uc815\uc744 \uc0ac\uc6a9\uc790 \uc9c0\uc815\ud558\ub824\uba74 \u201e\uc6f9\uc0ac\uc774\ud2b8 \ubc29\ubb38\uc790 \uad8c\ud55c\u201c \uc139\uc158\uc758 \ub9c1\ud06c\ub97c \ud074\ub9ad\ud558\uc5ec \uc5b8\uc81c\ub4e0\uc9c0 \uc124\uc815\uc744 \ubcc0\uacbd\ud560 \uc218 \uc788\uc2b5\ub2c8\ub2e4.<\/li><\/li><\/ul><p>\ucfe0\ud0a4 \ucc98\ub9ac\uc5d0 \ub300\ud55c \uc790\uc138\ud55c \ub0b4\uc6a9\uc740 \ub2e4\uc74c\uc5d0\uc11c \ud655\uc778\ud560 \uc218 \uc788\uc2b5\ub2c8\ub2e4. <a href=\"https:\/\/devowl.io\/de\/rcb\/cookie-handhabung\/\" target=\"_blank\">devowl.io\/ko\/rcb\/cookie-handling\/<\/a>.<\/p><\/p><h2 id=\"types-of-cookies\">\ucfe0\ud0a4\uc5d0\ub294 \uc5b4\ub5a4 \uc885\ub958\uac00 \uc788\ub098\uc694?<\/h2><p><ul><li><strong>\ud544\uc218 \ucfe0\ud0a4<\/strong> \ub294 \uc6f9\uc0ac\uc774\ud2b8\uc758 \uae30\ubcf8 \uae30\ub2a5\uc5d0 \ud544\uc218\uc801\uc774\uba70 \ub85c\uadf8\uc778 \uc815\ubcf4\ub97c \uc800\uc7a5\ud558\uac70\ub098 \uc6f9\uc0ac\uc774\ud2b8\uc758 \ubcf4\uc548 \uc601\uc5ed\uc5d0 \uc561\uc138\uc2a4\ud558\ub294 \ub4f1\uc758 \uae30\ub2a5\uc744 \uac00\ub2a5\ud558\uac8c \ud569\ub2c8\ub2e4. \uc608\ub97c \ub4e4\uc5b4, \ucfe0\ud0a4\uc5d0 \uc778\uc99d \ud0a4\ub97c \uc800\uc7a5\ud558\uc5ec \uc6f9\uc0ac\uc774\ud2b8\uc5d0 \uc6d0\uce58 \uc54a\ub294 \ubd07\uc744 \uc2dd\ubcc4\ud560 \uc218 \uc788\ub294 \ubcf4\uc548 \ucfe0\ud0a4\uac00 \uc5ec\uae30\uc5d0 \ud3ec\ud568\ub429\ub2c8\ub2e4.<\/li><li><strong>\uae30\ub2a5\uc131 \ucfe0\ud0a4<\/strong> \uc5b8\uc5b4 \uc124\uc815\uc774\ub098 \uc6f9\uc0ac\uc774\ud2b8 \ubaa8\uc591 \uc124\uc815\uacfc \uac19\uc740 \uc815\ubcf4 \ubc0f \ud658\uacbd \uc124\uc815\uc744 \uc800\uc7a5\ud558\uc5ec \uc0ac\uc6a9\uc790 \uacbd\ud5d8\uc744 \uac1c\uc120\ud558\uc5ec \uac1c\uc778\ud654\ub41c \ub514\uc2a4\ud50c\ub808\uc774\ub97c \uac00\ub2a5\ud558\uac8c \ud569\ub2c8\ub2e4. \uc608\ub97c \ub4e4\uc5b4, \uc6f9\uc0ac\uc774\ud2b8\uc5d0 \uc0ac\uc6a9\uc790\uac00 \uc120\ud638\ud558\ub294 \ub3d9\uc601\uc0c1 \ud654\uc9c8\uc744 \uc800\uc7a5\ud558\ub294 \ud658\uacbd \uc124\uc815 \ucfe0\ud0a4\uac00 \uc5ec\uae30\uc5d0 \ud3ec\ud568\ub429\ub2c8\ub2e4.<\/li><li><strong>\ud1b5\uacc4 \ucfe0\ud0a4<\/strong> \uc0ac\uc6a9\uc790 \ud589\ub3d9\uc5d0 \ub300\ud55c \uc778\uc0ac\uc774\ud2b8\ub97c \uc5bb\uace0 \uc6f9\uc0ac\uc774\ud2b8\uc758 \uc131\ub2a5\uc744 \ucd5c\uc801\ud654\ud558\uae30 \uc704\ud574 \uc6f9\uc0ac\uc774\ud2b8 \uc0ac\uc6a9\uc5d0 \uad00\ud55c \ub370\uc774\ud130\ub97c \uc218\uc9d1\ud569\ub2c8\ub2e4. \uc608\ub97c \ub4e4\uc5b4, \uc6f9\uc0ac\uc774\ud2b8\uc758 \ud558\uc704 \ud398\uc774\uc9c0\ub97c \ubc29\ubb38\ud588\ub294\uc9c0 \uc5ec\ubd80\ub97c \ud655\uc778\ud558\ub294 \ub370 \uc0ac\uc6a9\ud560 \uc218 \uc788\ub294 \ubb34\uc791\uc704\ub85c \ud560\ub2f9\ub41c \uc0ac\uc6a9\uc790 ID\uac00 \uc5ec\uae30\uc5d0 \ud3ec\ud568\ub429\ub2c8\ub2e4.<\/li><li><strong>\ub9c8\ucf00\ud305 \ucfe0\ud0a4<\/strong> \ub294 \uc5ec\ub7ec \uc6f9\uc0ac\uc774\ud2b8\uc5d0\uc11c \uc0ac\uc6a9\uc790 \ud589\ub3d9\uc744 \ucd94\uc801\ud558\uace0 \uc0ac\uc6a9\uc790\uc758 \uad00\uc2ec\uc0ac \ubc0f \ube0c\ub77c\uc6b0\uc9d5 \ud589\ub3d9\uc5d0 \ub530\ub77c \ub9de\ucda4\ud615 \uad11\uace0\ub97c \ud45c\uc2dc\ud558\ub294 \ub370 \uc0ac\uc6a9\ub429\ub2c8\ub2e4. \uc608\ub97c \ub4e4\uc5b4, \uc6f9\uc0ac\uc774\ud2b8\uc758 \uad11\uace0\uc640\uc758 \uc0c1\ud638\uc791\uc6a9\uc744 \uc800\uc7a5\ud558\uc5ec \uad11\uace0\uc8fc\uc5d0\uac8c \uc804\ub2ec\ud558\ub294 \uad11\uace0 \ucfe0\ud0a4\ub098 \uad6c\ub9e4 \uc804 \uc9c8\ubb38 \ubc0f \uace0\uac1d \uc9c0\uc6d0\uc744 \uc704\ud55c \ucc44\ud305 \uc2dc\uc2a4\ud15c \ub4f1\uc774 \uc5ec\uae30\uc5d0 \ud3ec\ud568\ub429\ub2c8\ub2e4.<\/li><\/li><\/ul><\/p><h2 id=\"cookies-origin\">\ub204\uac00 \uc774 \uc6f9\uc0ac\uc774\ud2b8\uc5d0\uc11c \ucfe0\ud0a4\ub97c \uc124\uc815\ud560 \uc218 \uc788\ub098\uc694?<\/h2><p>\uc774 \uc6f9\uc0ac\uc774\ud2b8\uc5d0\uc11c\ub294 \uc6f9\uc0ac\uc774\ud2b8 \uc6b4\uc601\uc790\uc640 \uc774 \uc6f9\uc0ac\uc774\ud2b8\uc5d0\uc11c \uc0ac\uc6a9\ub418\ub294 \ud0c0\uc0ac \uc11c\ube44\uc2a4 \ubaa8\ub450 \ucfe0\ud0a4\ub97c \uc124\uc815\ud558\uace0 \ud574\ub2f9 \ucf58\ud150\uce20\uc5d0 \uc561\uc138\uc2a4\ud560 \uc218 \uc788\uc2b5\ub2c8\ub2e4. \ub204\uac00 \uc5b4\ub5a4 \ucfe0\ud0a4\uc640 \uadf8 \ucf58\ud150\uce20\uc5d0 \uc561\uc138\uc2a4\ud560 \uc218 \uc788\ub294\uc9c0\ub294 \ud37c\uc2a4\ud2b8 \ud30c\ud2f0 \ucfe0\ud0a4\uc640 \ud0c0\uc0ac \ucfe0\ud0a4\ub85c \uad6c\ubd84\ub429\ub2c8\ub2e4. \uc790\uc0ac \ucfe0\ud0a4\ub294 \ubc29\ubb38\ud55c \uc6f9\uc0ac\uc774\ud2b8\uc5d0 \uc758\ud574 \uc0dd\uc131\ub418\uba70 \uc6f9\uc0ac\uc774\ud2b8 \uc6b4\uc601\uc790\uc640 \uc774 \uc6f9\uc0ac\uc774\ud2b8\uc5d0 \ud1b5\ud569\ub41c \ud0c0\uc0ac \uc11c\ube44\uc2a4\ub9cc \uc77d\uc744 \uc218 \uc788\uc2b5\ub2c8\ub2e4. \ud0c0\uc0ac \ucfe0\ud0a4\ub294 \uc77c\ubc18\uc801\uc73c\ub85c \ub2e4\ub978 \ub3c4\uba54\uc778\uc758 \ud0c0\uc0ac \uc11c\ube44\uc2a4\uc5d0 \uc758\ud574 \uc124\uc815\ub418\uba70, \ud574\ub2f9 \ub3c4\uba54\uc778\uc744 \uad00\ub9ac\ud558\ub294 \uc11c\ube44\uc2a4\uac00 \ub0b4\uc7a5\ub41c \ubaa8\ub4e0 \uc6f9\uc0ac\uc774\ud2b8\uc5d0\uc11c \uc77d\uc744 \uc218 \uc788\uc73c\uba70, \uc608\ub97c \ub4e4\uc5b4 \uad11\uace0 \ub124\ud2b8\uc6cc\ud06c\uc5d0\uc11c \uc5ec\ub7ec \uc6f9\uc0ac\uc774\ud2b8\uc5d0\uc11c \uc0ac\uc6a9\uc790 \ud589\ub3d9\uc744 \ucd94\uc801\ud558\uace0 \ub9de\ucda4 \uad11\uace0\ub97c \uc81c\uacf5\ud558\ub294 \ub370 \uc0ac\uc6a9\ub429\ub2c8\ub2e4.<\/p><h2 id=\"list-of-services\">\uc774 \uc6f9\uc0ac\uc774\ud2b8\uc5d0\uc11c\ub294 \uc5b4\ub5a4 \ucfe0\ud0a4\uac00 \uc0ac\uc6a9\ub418\ub098\uc694?<\/h2><script type=\"application\/json\">{\"search\":{\"placeholder\":\"Search...\"},\"sort\":{\"sortAsc\":\"Sort column ascending\",\"sortDesc\":\"Sort column descending\"},\"pagination\":{\"previous\":\"Previous\",\"next\":\"Next\",\"navigate\":\"Page %1$d of %2$d\",\"page\":\"Page %d\",\"showing\":\"Showing\",\"of\":\"of\",\"to\":\"to\",\"results\":\"results\"},\"noRecordsFound\":\"No matching records found\"}<\/script><table  class=\"devowl-wp-react-cookie-banner-cookie-policy\"><thead><tr><th width=\"200px\" scope=\"col\">Category<\/th><th width=\"400px\" scope=\"col\">Technical cookie name<\/th><th width=\"400px\" scope=\"col\">Technical cookie host<\/th><th width=\"400px\" scope=\"col\">Service<\/th><th width=\"250px\" scope=\"col\">Duration<\/th><th width=\"200px\" scope=\"col\">Type<\/th><th width=\"550px\" scope=\"col\">Purpose<\/th><\/tr><\/thead><tbody><tr><td>\ud544\uc218<\/td><td>trp_language<\/td><td>www.bestnewyorkpass.com<\/td><td>\ubc88\uc5ed \ud504\ub808\uc2a4<\/td><td>30 days<\/td><td>HTTP Cookie<\/td><td>-<\/td><\/tr><tr><td>\ud544\uc218<\/td><td>real_cookie_banner*<\/td><td>.bestnewyorkpass.com<\/td><td>\uc2e4\uc81c \ucfe0\ud0a4 \ubc30\ub108<\/td><td>365 days<\/td><td>HTTP Cookie<\/td><td>Eindeutiger Identifikator f\u00fcr die Einwilligung, aber nicht f\u00fcr den Website-Besucher. Revisionshash f\u00fcr die Einstellungen des Cookie-Banners (Texte, Farben, Funktionen, Servicegruppen, Dienste, Content Blocker usw.). IDs f\u00fcr eingewilligte Services und Service-Gruppen.<\/td><\/tr><tr><td>\ud544\uc218<\/td><td>real_cookie_banner*-tcf<\/td><td>.bestnewyorkpass.com<\/td><td>\uc2e4\uc81c \ucfe0\ud0a4 \ubc30\ub108<\/td><td>365 days<\/td><td>HTTP Cookie<\/td><td>Im Rahmen von TCF gesammelte Einwilligungen, die im TC-String-Format gespeichert werden, einschlie\u00dflich TCF-Vendoren, -Zwecke, -Sonderzwecke, -Funktionen und -Sonderfunktionen.<\/td><\/tr><tr><td>\ud544\uc218<\/td><td>real_cookie_banner*-gcm<\/td><td>.bestnewyorkpass.com<\/td><td>\uc2e4\uc81c \ucfe0\ud0a4 \ubc30\ub108<\/td><td>365 days<\/td><td>HTTP Cookie<\/td><td>Die im Google Consent Mode gesammelten Einwilligungen in die verschiedenen Einwilligungstypen (Zwecke) werden f\u00fcr alle mit dem Google Consent Mode kompatiblen Services gespeichert.<\/td><\/tr><tr><td>\ud544\uc218<\/td><td>real_cookie_banner-test<\/td><td>.bestnewyorkpass.com<\/td><td>\uc2e4\uc81c \ucfe0\ud0a4 \ubc30\ub108<\/td><td>365 days<\/td><td>HTTP Cookie<\/td><td>Cookie, der gesetzt wurde, um die Funktionalit\u00e4t von HTTP-Cookies zu testen. Wird sofort nach dem Test gel\u00f6scht.<\/td><\/tr><tr><td>\ud544\uc218<\/td><td>real_cookie_banner*<\/td><td>https:\/\/www.bestnewyorkpass.com<\/td><td>\uc2e4\uc81c \ucfe0\ud0a4 \ubc30\ub108<\/td><td>-<\/td><td>Local Storage<\/td><td>Eindeutiger Identifikator f\u00fcr die Einwilligung, aber nicht f\u00fcr den Website-Besucher. Revisionshash f\u00fcr die Einstellungen des Cookie-Banners (Texte, Farben, Funktionen, Service-Gruppen, Services, Content Blocker usw.). IDs f\u00fcr eingewilligte Services und Service-Gruppen. Wird nur solange gespeichert, bis die Einwilligung auf dem Website-Server dokumentiert ist.<\/td><\/tr><tr><td>\ud544\uc218<\/td><td>real_cookie_banner*-tcf<\/td><td>https:\/\/www.bestnewyorkpass.com<\/td><td>\uc2e4\uc81c \ucfe0\ud0a4 \ubc30\ub108<\/td><td>-<\/td><td>Local Storage<\/td><td>Im Rahmen von TCF gesammelte Einwilligungen werden im TC-String-Format gespeichert, einschlie\u00dflich TCF Vendoren, Zwecke, besondere Zwecke, Funktionen und besondere Funktionen. Wird nur solange gespeichert, bis die Einwilligung auf dem Website-Server dokumentiert ist.<\/td><\/tr><tr><td>\ud544\uc218<\/td><td>real_cookie_banner*-gcm<\/td><td>https:\/\/www.bestnewyorkpass.com<\/td><td>\uc2e4\uc81c \ucfe0\ud0a4 \ubc30\ub108<\/td><td>-<\/td><td>Local Storage<\/td><td>Im Rahmen des Google Consent Mode erfasste Einwilligungen werden f\u00fcr alle mit dem Google Consent Mode kompatiblen Services in Einwilligungstypen (Zwecke) gespeichert. Wird nur solange gespeichert, bis die Einwilligung auf dem Website-Server dokumentiert ist.<\/td><\/tr><tr><td>\ud544\uc218<\/td><td>real_cookie_banner-consent-queue*<\/td><td>https:\/\/www.bestnewyorkpass.com<\/td><td>\uc2e4\uc81c \ucfe0\ud0a4 \ubc30\ub108<\/td><td>-<\/td><td>Local Storage<\/td><td>Lokale Zwischenspeicherung (Caching) der Auswahl im Cookie-Banner, bis der Server die Einwilligung dokumentiert; Dokumentation periodisch oder bei Seitenwechseln versucht, wenn der Server nicht verf\u00fcgbar oder \u00fcberlastet ist.<\/td><\/tr><tr><td>\uae30\ub2a5\uc801<\/td><td>wpEmojiSettingsSupports<\/td><td>https:\/\/www.bestnewyorkpass.com<\/td><td>\uc6cc\ub4dc\ud504\ub808\uc2a4 \uc774\ubaa8\ud2f0\ucf58<\/td><td>SESSION<\/td><td>Session Storage<\/td><td>Zeitstempel und ob die M\u00f6glichkeit besteht, Emojis zu setzen<\/td><\/tr><\/tbody><\/table><p>\ucfe0\ud0a4 \uc815\ucc45\uc740 3. 3\uc6d4 2026\uc5d0 \ub9c8\uc9c0\ub9c9\uc73c\ub85c \uc5c5\ub370\uc774\ud2b8\ub418\uc5c8\uc2b5\ub2c8\ub2e4.<\/p>\n\n","protected":false},"excerpt":{"rendered":"","protected":false},"author":1,"featured_media":0,"parent":0,"menu_order":0,"comment_status":"closed","ping_status":"closed","template":"","meta":{"footnotes":""},"class_list":["post-1090","page","type-page","status-publish"],"featured_image_src":null,"aioseo_notices":[],"_links":{"self":[{"href":"https:\/\/www.bestnewyorkpass.com\/ko\/wp-json\/wp\/v2\/pages\/1090","targetHints":{"allow":["GET"]}}],"collection":[{"href":"https:\/\/www.bestnewyorkpass.com\/ko\/wp-json\/wp\/v2\/pages"}],"about":[{"href":"https:\/\/www.bestnewyorkpass.com\/ko\/wp-json\/wp\/v2\/types\/page"}],"author":[{"embeddable":true,"href":"https:\/\/www.bestnewyorkpass.com\/ko\/wp-json\/wp\/v2\/users\/1"}],"replies":[{"embeddable":true,"href":"https:\/\/www.bestnewyorkpass.com\/ko\/wp-json\/wp\/v2\/comments?post=1090"}],"version-history":[{"count":0,"href":"https:\/\/www.bestnewyorkpass.com\/ko\/wp-json\/wp\/v2\/pages\/1090\/revisions"}],"wp:attachment":[{"href":"https:\/\/www.bestnewyorkpass.com\/ko\/wp-json\/wp\/v2\/media?parent=1090"}],"curies":[{"name":"wp","href":"https:\/\/api.w.org\/{rel}","templated":true}]}}